{"id":12,"date":"2016-06-01T18:52:05","date_gmt":"2016-06-01T16:52:05","guid":{"rendered":"http:\/\/mingbumingbai.com\/?page_id=12"},"modified":"2016-06-02T17:29:49","modified_gmt":"2016-06-02T15:29:49","slug":"sprache","status":"publish","type":"page","link":"https:\/\/mingbumingbai.com\/?page_id=12","title":{"rendered":"Sprache"},"content":{"rendered":"<p>Hochchinesisch? Mandarin? Kurzzeichen? Langzeichen? Vollzeichen?<\/p>\n<p>Eine der ersten Fragen, die im Zusammenhang mit der chinesischen Sprache gestellt werden, ist die nach der Sprachnorm: Welches Chinesisch lernen wir denn? Ist das Mandarin? Sind die Schriftzeichen \u00fcberall gleich?<br \/>\nAlso gilt es, zuerst etwas begriffliche Klarheit zu schaffen:<br \/>\nIn der Regel wird &#8222;Chinesisch&#8220; aufgeteilt in etwa 7 untereinander kaum verst\u00e4ndliche Dialekte aufgeteilt, Nord-Chinesisch, Wu, Xiang, Gan, Kejia (Hakka), Yue (Kantonesisch) und Min. Die gr\u00f6\u00dften Sprecher-Gruppen darunter bilden der nordchinesische Dialekt und Kantonesisch, wobei der Anteil der Sprecher nordchinesischer Sprache bei ca. 70 Prozent liegen d\u00fcrfte.<br \/>\nIm Jahre 1958 wurde Putonghua (Standardsprache) als amtliche chinesische Sprachnorm in der VR China festgelegt. Basis f\u00fcr die Standardsprache, also das Hochchinesische, bildet die Sprachnorm der Region um Beijing. Damit handelt es sich also um den nordchinesischen Dialekt, der auch von den Vereinten Nationen als Sprache anerkannt wurde.<br \/>\nDie Bezeichnung &#8222;Mandarin&#8220; leitet sich aus dem Englischen ab. Dort wird die chinesische Standardsprache als Mandarin bezeichnet, was dem Ursprung nach sachlich zun\u00e4chst falsch ist, denn ein Mandarin war in der chinesischen Kaiserzeit ein hochstehender Beamter, der eben gerade nicht die Standardsprache benutzte, sondern meist das alte schriftsprachliche, klassische Chinesisch.<br \/>\nDa aufgrund der gro\u00dfen, auch internationalen Bedeutung dem Putonghua, also dem Standard-Chinesisch die gr\u00f6\u00dfte Bedeutung zukommt, besch\u00e4ftigt sich diese Website mit dieser Sprachnorm.<br \/>\nDie Anzahl der Silben ist auf ca. 460 Kombinationen begrenzt, um das Repertoire in der gesprochenen Sprache zu erweitern, werden die meisten Silben auf bis zu 5 verschiedene Arten betont (T\u00f6ne), ein f\u00fcr westliche Lernende etwas schwieiriges Lernfeld.<\/p>\n<p>Auch bei den Schriftzeichen entsteht durch verschiedene Standards h\u00e4ufig Verwirrung. Die chinesische Schrift gilt als die \u00e4lteste ununterbrochene Schrifttradition, die meisten Wissenschaftler sind der Auffassung, dass die Orakel-Knochen-Schrift der chinesischen Shang-Dynastie (1750-1044) die Grundlage der ersten chinesischen Schriftzeichen bilden. Dabei handelte es sich noch um kleine Abbildungen, die zum Zweck des Wahrsagens in Tierknochen geritzt wurden. Wichtige Schriftzeichenformen sind weiterhin die Bronzeschrift, die gro\u00dfe und kleine Siegelschrift, die Grasschrift, die Kanzleischrift die Standardschrift und schlie\u00dflich die vereinfachten Schriftzeichen, die heute den Schrift-Standard in der VR China bilden.<\/p>\n<p>Da die Sprachnormen der VR China die Grundlage f\u00fcr den schulischen Chinesischunterricht bilden, werden sie auch auf dieser Webseite verwendet.<\/p>\n","protected":false},"excerpt":{"rendered":"<p>Hochchinesisch? Mandarin? Kurzzeichen? Langzeichen? Vollzeichen? Eine der ersten Fragen, die im Zusammenhang mit der chinesischen Sprache gestellt werden, ist die nach der Sprachnorm: Welches Chinesisch lernen wir denn? Ist das Mandarin? Sind die Schriftzeichen \u00fcberall gleich? Also gilt es, zuerst &hellip; <a href=\"https:\/\/mingbumingbai.com\/?page_id=12\">Weiterlesen <span class=\"meta-nav\">&rarr;<\/span><\/a><\/p>\n","protected":false},"author":2,"featured_media":0,"parent":0,"menu_order":0,"comment_status":"closed","ping_status":"closed","template":"","meta":{"footnotes":""},"class_list":["post-12","page","type-page","status-publish","hentry"],"_links":{"self":[{"href":"https:\/\/mingbumingbai.com\/index.php?rest_route=\/wp\/v2\/pages\/12","targetHints":{"allow":["GET"]}}],"collection":[{"href":"https:\/\/mingbumingbai.com\/index.php?rest_route=\/wp\/v2\/pages"}],"about":[{"href":"https:\/\/mingbumingbai.com\/index.php?rest_route=\/wp\/v2\/types\/page"}],"author":[{"embeddable":true,"href":"https:\/\/mingbumingbai.com\/index.php?rest_route=\/wp\/v2\/users\/2"}],"replies":[{"embeddable":true,"href":"https:\/\/mingbumingbai.com\/index.php?rest_route=%2Fwp%2Fv2%2Fcomments&post=12"}],"version-history":[{"count":3,"href":"https:\/\/mingbumingbai.com\/index.php?rest_route=\/wp\/v2\/pages\/12\/revisions"}],"predecessor-version":[{"id":36,"href":"https:\/\/mingbumingbai.com\/index.php?rest_route=\/wp\/v2\/pages\/12\/revisions\/36"}],"wp:attachment":[{"href":"https:\/\/mingbumingbai.com\/index.php?rest_route=%2Fwp%2Fv2%2Fmedia&parent=12"}],"curies":[{"name":"wp","href":"https:\/\/api.w.org\/{rel}","templated":true}]}}