{"id":16,"date":"2016-06-01T18:54:09","date_gmt":"2016-06-01T16:54:09","guid":{"rendered":"http:\/\/mingbumingbai.com\/?page_id=16"},"modified":"2018-01-17T12:18:58","modified_gmt":"2018-01-17T11:18:58","slug":"uebungen","status":"publish","type":"page","link":"https:\/\/mingbumingbai.com\/?page_id=16","title":{"rendered":"\u00dcbungen"},"content":{"rendered":"<p>Hier gibt\u00b4s immer wieder<strong> kleine \u00dcbungen<\/strong>,<\/p>\n<p>haupts\u00e4chlich <strong>Texte zum Lese-Verstehen<\/strong> zu verschiedenen Themen, ggf. mit deutscher \u00dcbersetzung.<\/p>\n<p>Tipp zum \u00dcben:<\/p>\n<blockquote><p>zuerst den chinesischen Text durchlesen,<\/p>\n<p>dann die unbekannten W\u00f6rter nachschlagen,<\/p>\n<p>wichtige, wiederkehrende W\u00f6rter lernen (!)<\/p>\n<p>Satzbau analysieren.<\/p><\/blockquote>\n<p>Und dann noch eine uralte Unterrichtsmethode, die bis heute nichts von ihrer Effektivit\u00e4t verloren hat:<\/p>\n<blockquote><p>ins Deutsche \u00fcbersetzen<\/p>\n<p>Originaltext weglegen<\/p>\n<p>anhand der \u00dcbersetzung r\u00fcck-\u00fcbersetzen und kontrollieren<\/p><\/blockquote>\n<p>&nbsp;<\/p>\n","protected":false},"excerpt":{"rendered":"<p>Hier gibt\u00b4s immer wieder kleine \u00dcbungen, haupts\u00e4chlich Texte zum Lese-Verstehen zu verschiedenen Themen, ggf. mit deutscher \u00dcbersetzung. Tipp zum \u00dcben: zuerst den chinesischen Text durchlesen, dann die unbekannten W\u00f6rter nachschlagen, wichtige, wiederkehrende W\u00f6rter lernen (!) Satzbau analysieren. Und dann noch &hellip; <a href=\"https:\/\/mingbumingbai.com\/?page_id=16\">Weiterlesen <span class=\"meta-nav\">&rarr;<\/span><\/a><\/p>\n","protected":false},"author":2,"featured_media":0,"parent":0,"menu_order":0,"comment_status":"closed","ping_status":"closed","template":"","meta":{"footnotes":""},"class_list":["post-16","page","type-page","status-publish","hentry"],"_links":{"self":[{"href":"https:\/\/mingbumingbai.com\/index.php?rest_route=\/wp\/v2\/pages\/16","targetHints":{"allow":["GET"]}}],"collection":[{"href":"https:\/\/mingbumingbai.com\/index.php?rest_route=\/wp\/v2\/pages"}],"about":[{"href":"https:\/\/mingbumingbai.com\/index.php?rest_route=\/wp\/v2\/types\/page"}],"author":[{"embeddable":true,"href":"https:\/\/mingbumingbai.com\/index.php?rest_route=\/wp\/v2\/users\/2"}],"replies":[{"embeddable":true,"href":"https:\/\/mingbumingbai.com\/index.php?rest_route=%2Fwp%2Fv2%2Fcomments&post=16"}],"version-history":[{"count":2,"href":"https:\/\/mingbumingbai.com\/index.php?rest_route=\/wp\/v2\/pages\/16\/revisions"}],"predecessor-version":[{"id":63,"href":"https:\/\/mingbumingbai.com\/index.php?rest_route=\/wp\/v2\/pages\/16\/revisions\/63"}],"wp:attachment":[{"href":"https:\/\/mingbumingbai.com\/index.php?rest_route=%2Fwp%2Fv2%2Fmedia&parent=16"}],"curies":[{"name":"wp","href":"https:\/\/api.w.org\/{rel}","templated":true}]}}