{"id":7,"date":"2016-06-01T18:48:14","date_gmt":"2016-06-01T16:48:14","guid":{"rendered":"http:\/\/mingbumingbai.com\/?page_id=7"},"modified":"2018-01-17T13:03:51","modified_gmt":"2018-01-17T12:03:51","slug":"chinesisch-na-klar","status":"publish","type":"page","link":"https:\/\/mingbumingbai.com\/?page_id=7","title":{"rendered":"Chinesisch? &#8211; Na, klar!"},"content":{"rendered":"<p><strong>Chinesisch lernen? Na klar!<\/strong><\/p>\n<p>&nbsp;<\/p>\n<p>Oft h\u00f6rt man den Satz:<strong> <span style=\"color: #993300;\">&#8222;China ist die Zukunft.&#8220;<\/span><\/strong> ? Meist sage ich dann: <strong><span style=\"color: #993300;\">&#8222;Falsch!&#8220;<\/span><\/strong><br \/>\nChina bestimmt schon lange die Gegenwart:<\/p>\n<ul>\n<li>Kaum ein bedeutendes deutsches Unternehmen, das auf<strong> wirtschaftliche Beziehungen<\/strong> zum Reich der Mitte verzichten k\u00f6nnte.<\/li>\n<li>Ein gro\u00dfer Teil unserer <strong>elektronischen Ausstattung und Kleidung<\/strong> kommt aus China.<\/li>\n<li>Chinesische Firmen bet\u00e4tigen sich als <strong>Investoren in Deutschland<\/strong> und kaufen deutsche Unternehmen auf.<\/li>\n<li>China spielt eine wesentliche <strong>Rolle in der Weltpolitik<\/strong> und nimmt diese Rolle zunehmend wahr.<\/li>\n<\/ul>\n<p><strong><span style=\"color: #993300;\">&#8222;Die Chinesen k\u00f6nnen alle Englisch.&#8220;<\/span><\/strong> Noch so ein Satz, der \u00f6fter zu h\u00f6ren ist. <span style=\"color: #993300;\"><strong>Wieder falsch!<\/strong><\/span><br \/>\nZwar werden die Englisch-Kenntnisse insbesondere der jungen Generation wirklich immer besser. Aber auch vielen j\u00fcngeren Chinesen f\u00e4llt es sehr schwer, sich auf Englisch zu unterhalten. Auf jeden Fall ist man als Deutsche\/-r im Kontakt mit dem chinesischen Markt <strong>mit Chinesischkenntnissen klar im Vorteil.\u00a0<\/strong>Auch wenn man nur ein wenig\u00a0 Chinesisch spricht. Viele deutsche Sch\u00fcler\/-innen haben das schon besser verstanden als ihre Eltern und w\u00e4hlen gern <strong>Chinesisch als Fremdsprache<\/strong> in der Schule.<\/p>\n<p><strong><span style=\"color: #993300;\">&#8222;Chinesisch ist bestimmt total schwierig!&#8220;<\/span><\/strong> Das&#8230; hm, <strong><span style=\"color: #993300;\">stimmt ein wenig<\/span><\/strong>. Besonders am Anfang ist einem erstmal ALLES fremd: die<strong> Schriftzeichen<\/strong>, die<strong> Aussprache<\/strong> und auch die Tatsache, dass die Chinesen nicht immer zwischen Einzahl und Mehrzahl unterscheiden, dass es oft keine klar abgegrenzte grammatikalische Verwendung von einzelnen W\u00f6rtern gibt! <strong>Chinesisch ist halt eine echte &#8222;Fremd&#8220;-Sprache<\/strong>.<\/p>\n<p>Aber wenn man sich an all das einmal gew\u00f6hnt hat &#8211; das passiert normalerweise nach ca. anderthalb Jahren -, dann zeigen sich pl\u00f6tzlich <strong>die vielen Sch\u00f6nheiten<\/strong> und die sehr praktischen Nebeneffekte dieser sprachlichen Besonderheiten. Die konfusen Striche innerhalb eines Schriftzeichens verwandeln sich in <strong>wiedererkennbare Elemente<\/strong>, die pl\u00f6tzlich in ganz vielen Zeichen auftauchen und dann das Lernen sehr befl\u00fcgeln k\u00f6nnen. Grammatikalische Ungenauigkeiten haben auf einmal Vorteile, weil man nicht endlos viele Zeiten, Formen und Endungen lernen muss. Flei\u00dfig lernen ist dann zwar immer noch angesagt, aber<strong> man wird zum bewunderten Experten<\/strong>, der in seinen ersten Bewerbungsgespr\u00e4chen nach Aufforderung ganz locker mal ein paar S\u00e4tze auf Chinesisch sprechen kann!<\/p>\n<p>Und dann sind da noch die chinesische Kultur, das Essen, der Tee, die super-netten Menschen, die bewegende Geschichte&#8230;..<\/p>\n<h1>Es gibt wirklich viel zu entdecken, also: <span style=\"color: #993300;\"><strong>\u52a0\u6cb9<\/strong><\/span>!*<\/h1>\n<p>*Ji\u0101 y\u00f3u! &#8211; Gebt Gas!<\/p>\n","protected":false},"excerpt":{"rendered":"<p>Chinesisch lernen? Na klar! &nbsp; Oft h\u00f6rt man den Satz: &#8222;China ist die Zukunft.&#8220; ? Meist sage ich dann: &#8222;Falsch!&#8220; China bestimmt schon lange die Gegenwart: Kaum ein bedeutendes deutsches Unternehmen, das auf wirtschaftliche Beziehungen zum Reich der Mitte verzichten &hellip; <a href=\"https:\/\/mingbumingbai.com\/?page_id=7\">Weiterlesen <span class=\"meta-nav\">&rarr;<\/span><\/a><\/p>\n","protected":false},"author":2,"featured_media":66,"parent":0,"menu_order":0,"comment_status":"closed","ping_status":"closed","template":"","meta":{"footnotes":""},"class_list":["post-7","page","type-page","status-publish","has-post-thumbnail","hentry"],"_links":{"self":[{"href":"https:\/\/mingbumingbai.com\/index.php?rest_route=\/wp\/v2\/pages\/7","targetHints":{"allow":["GET"]}}],"collection":[{"href":"https:\/\/mingbumingbai.com\/index.php?rest_route=\/wp\/v2\/pages"}],"about":[{"href":"https:\/\/mingbumingbai.com\/index.php?rest_route=\/wp\/v2\/types\/page"}],"author":[{"embeddable":true,"href":"https:\/\/mingbumingbai.com\/index.php?rest_route=\/wp\/v2\/users\/2"}],"replies":[{"embeddable":true,"href":"https:\/\/mingbumingbai.com\/index.php?rest_route=%2Fwp%2Fv2%2Fcomments&post=7"}],"version-history":[{"count":3,"href":"https:\/\/mingbumingbai.com\/index.php?rest_route=\/wp\/v2\/pages\/7\/revisions"}],"predecessor-version":[{"id":67,"href":"https:\/\/mingbumingbai.com\/index.php?rest_route=\/wp\/v2\/pages\/7\/revisions\/67"}],"wp:featuredmedia":[{"embeddable":true,"href":"https:\/\/mingbumingbai.com\/index.php?rest_route=\/wp\/v2\/media\/66"}],"wp:attachment":[{"href":"https:\/\/mingbumingbai.com\/index.php?rest_route=%2Fwp%2Fv2%2Fmedia&parent=7"}],"curies":[{"name":"wp","href":"https:\/\/api.w.org\/{rel}","templated":true}]}}